{"id":813,"date":"2023-08-04T10:24:48","date_gmt":"2023-08-04T07:24:48","guid":{"rendered":"https:\/\/srv365.com\/?page_id=813"},"modified":"2023-10-20T14:33:08","modified_gmt":"2023-10-20T11:33:08","slug":"demo-talebi","status":"publish","type":"page","link":"https:\/\/srv365.com\/en\/demo-talebi\/","title":{"rendered":"Demo Talebi"},"content":{"rendered":"<div data-elementor-type=\"wp-page\" data-elementor-id=\"813\" class=\"elementor elementor-813\">\n\t\t\t\t\t\t\t\t\t<section class=\"elementor-section elementor-top-section elementor-element elementor-element-3d569b0 elementor-section-boxed elementor-section-height-default elementor-section-height-default\" data-id=\"3d569b0\" data-element_type=\"section\" data-settings=\"{&quot;background_background&quot;:&quot;gradient&quot;}\">\n\t\t\t\t\t\t<div class=\"elementor-container elementor-column-gap-default\">\n\t\t\t\t\t<div class=\"elementor-column elementor-col-100 elementor-top-column elementor-element elementor-element-c53ee41\" data-id=\"c53ee41\" data-element_type=\"column\">\n\t\t\t<div class=\"elementor-widget-wrap elementor-element-populated\">\n\t\t\t\t\t\t\t\t<section class=\"elementor-section elementor-inner-section elementor-element elementor-element-0c4eafe elementor-section-boxed elementor-section-height-default elementor-section-height-default\" data-id=\"0c4eafe\" data-element_type=\"section\">\n\t\t\t\t\t\t<div class=\"elementor-container elementor-column-gap-default\">\n\t\t\t\t\t<div class=\"elementor-column elementor-col-25 elementor-inner-column elementor-element elementor-element-7c81116 elementor-hidden-tablet elementor-hidden-phone\" data-id=\"7c81116\" data-element_type=\"column\">\n\t\t\t<div class=\"elementor-widget-wrap\">\n\t\t\t\t\t\t\t\t\t<\/div>\n\t\t<\/div>\n\t\t\t\t<div class=\"elementor-column elementor-col-50 elementor-inner-column elementor-element elementor-element-19b7c8d\" data-id=\"19b7c8d\" data-element_type=\"column\">\n\t\t\t<div class=\"elementor-widget-wrap elementor-element-populated\">\n\t\t\t\t\t\t\t\t<div class=\"elementor-element elementor-element-f9f72b3 animated-fast elementor-invisible elementor-widget elementor-widget-heading\" data-id=\"f9f72b3\" data-element_type=\"widget\" data-settings=\"{&quot;_animation&quot;:&quot;fadeInUp&quot;}\" data-widget_type=\"heading.default\">\n\t\t\t\t<div class=\"elementor-widget-container\">\n\t\t\t<style>\/*! elementor - v3.13.1 - 09-05-2023 *\/\n.elementor-heading-title{padding:0;margin:0;line-height:1}.elementor-widget-heading .elementor-heading-title[class*=elementor-size-]>a{color:inherit;font-size:inherit;line-height:inherit}.elementor-widget-heading .elementor-heading-title.elementor-size-small{font-size:15px}.elementor-widget-heading .elementor-heading-title.elementor-size-medium{font-size:19px}.elementor-widget-heading .elementor-heading-title.elementor-size-large{font-size:29px}.elementor-widget-heading .elementor-heading-title.elementor-size-xl{font-size:39px}.elementor-widget-heading .elementor-heading-title.elementor-size-xxl{font-size:59px}<\/style><h1 class=\"elementor-heading-title elementor-size-default\">Request a Demo<\/h1>\t\t<\/div>\n\t\t\t\t<\/div>\n\t\t\t\t<div class=\"elementor-element elementor-element-1b8445f animated-fast elementor-invisible elementor-widget elementor-widget-text-editor\" data-id=\"1b8445f\" data-element_type=\"widget\" data-settings=\"{&quot;_animation&quot;:&quot;fadeInUp&quot;,&quot;_animation_delay&quot;:100}\" data-widget_type=\"text-editor.default\">\n\t\t\t\t<div class=\"elementor-widget-container\">\n\t\t\t<style>\/*! elementor - v3.13.1 - 09-05-2023 *\/\n.elementor-widget-text-editor.elementor-drop-cap-view-stacked .elementor-drop-cap{background-color:#69727d;color:#fff}.elementor-widget-text-editor.elementor-drop-cap-view-framed .elementor-drop-cap{color:#69727d;border:3px solid;background-color:transparent}.elementor-widget-text-editor:not(.elementor-drop-cap-view-default) .elementor-drop-cap{margin-top:8px}.elementor-widget-text-editor:not(.elementor-drop-cap-view-default) .elementor-drop-cap-letter{width:1em;height:1em}.elementor-widget-text-editor .elementor-drop-cap{float:left;text-align:center;line-height:1;font-size:50px}.elementor-widget-text-editor .elementor-drop-cap-letter{display:inline-block}<\/style>\t\t\t\t<p style=\"text-align: center;\">Fill out the request form and we will get back to you as soon as possible.<\/p>\t\t\t\t\t\t<\/div>\n\t\t\t\t<\/div>\n\t\t\t\t\t<\/div>\n\t\t<\/div>\n\t\t\t\t<div class=\"elementor-column elementor-col-25 elementor-inner-column elementor-element elementor-element-6682bd0 elementor-hidden-tablet elementor-hidden-phone\" data-id=\"6682bd0\" data-element_type=\"column\">\n\t\t\t<div class=\"elementor-widget-wrap\">\n\t\t\t\t\t\t\t\t\t<\/div>\n\t\t<\/div>\n\t\t\t\t\t\t\t<\/div>\n\t\t<\/section>\n\t\t\t\t<section class=\"elementor-section elementor-inner-section elementor-element elementor-element-77c67c1 animated-fast elementor-section-boxed elementor-section-height-default elementor-section-height-default elementor-invisible\" data-id=\"77c67c1\" data-element_type=\"section\" data-settings=\"{&quot;animation&quot;:&quot;fadeInUp&quot;,&quot;animation_delay&quot;:200}\">\n\t\t\t\t\t\t<div class=\"elementor-container elementor-column-gap-default\">\n\t\t\t\t\t<div class=\"elementor-column elementor-col-16 elementor-inner-column elementor-element elementor-element-3bdf765 elementor-hidden-tablet elementor-hidden-phone\" data-id=\"3bdf765\" data-element_type=\"column\">\n\t\t\t<div class=\"elementor-widget-wrap\">\n\t\t\t\t\t\t\t\t\t<\/div>\n\t\t<\/div>\n\t\t\t\t<div class=\"elementor-column elementor-col-66 elementor-inner-column elementor-element elementor-element-912b57b\" data-id=\"912b57b\" data-element_type=\"column\" data-settings=\"{&quot;background_background&quot;:&quot;classic&quot;}\">\n\t\t\t<div class=\"elementor-widget-wrap elementor-element-populated\">\n\t\t\t\t\t\t\t\t<div class=\"elementor-element elementor-element-8865da7 elementor-widget elementor-widget-bdt-contact-form-7\" data-id=\"8865da7\" data-element_type=\"widget\" data-widget_type=\"bdt-contact-form-7.default\">\n\t\t\t\t<div class=\"elementor-widget-container\">\n\t\t\t\n<div class=\"wpcf7 no-js\" id=\"wpcf7-f1004-o1\" lang=\"en-US\" dir=\"ltr\">\n<div class=\"screen-reader-response\"><p role=\"status\" aria-live=\"polite\" aria-atomic=\"true\"><\/p> <ul><\/ul><\/div>\n<form action=\"\/en\/wp-json\/wp\/v2\/pages\/813#wpcf7-f1004-o1\" method=\"post\" class=\"wpcf7-form init\" aria-label=\"Contact form\" novalidate=\"novalidate\" data-status=\"init\" data-trp-original-action=\"\/en\/wp-json\/wp\/v2\/pages\/813#wpcf7-f1004-o1\">\n<div style=\"display: none;\">\n<input type=\"hidden\" name=\"_wpcf7\" value=\"1004\" \/>\n<input type=\"hidden\" name=\"_wpcf7_version\" value=\"5.7.6\" \/>\n<input type=\"hidden\" name=\"_wpcf7_locale\" value=\"en_US\" \/>\n<input type=\"hidden\" name=\"_wpcf7_unit_tag\" value=\"wpcf7-f1004-o1\" \/>\n<input type=\"hidden\" name=\"_wpcf7_container_post\" value=\"0\" \/>\n<input type=\"hidden\" name=\"_wpcf7_posted_data_hash\" value=\"\" \/>\n<\/div>\n<div class=\"uacf7-form-1004\"><span class=\"wpcf7-form-control-wrap\" data-name=\"your-name\"><input size=\"40\" class=\"wpcf7-form-control wpcf7-text wpcf7-validates-as-required\" autocomplete=\"name\" aria-required=\"true\" aria-invalid=\"false\" placeholder=\"Name\" value=\"\" type=\"text\" name=\"your-name\" \/><\/span> \n\n<div class=\"uacf7-row\"><div class=\"uacf7-col-6\"> \n<span class=\"wpcf7-form-control-wrap\" data-name=\"your-email\"><input size=\"40\" class=\"wpcf7-form-control wpcf7-text wpcf7-email wpcf7-validates-as-required wpcf7-validates-as-email\" autocomplete=\"email\" aria-required=\"true\" aria-invalid=\"false\" placeholder=\"Email\" value=\"\" type=\"email\" name=\"your-email\" \/><\/span>\n\n<\/div>\n\n<div class=\"uacf7-col-6\"> \n<span class=\"wpcf7-form-control-wrap telefon\"><input type=\"tel\" value=\"\" name=\"telefon\" class=\"wpcf7-form-control wpcf7mf-mask wpcf7-mask wpcf7-validates-as-required\" size=\"40\" aria-required=\"1\" aria-invalid=\"\" placeholder=\"+90 (___) ___ __ __\" data-mask=\"+90 (___) ___ __ __\" \/><\/span>\n<\/div><\/div>\n\n\n<span class=\"wpcf7-form-control-wrap\" data-name=\"firma_adi\"><input size=\"40\" class=\"wpcf7-form-control wpcf7-text\" aria-invalid=\"false\" placeholder=\"Company Name\" value=\"\" type=\"text\" name=\"firma_adi\" \/><\/span>\n\n<span class=\"wpcf7-form-control-wrap\" data-name=\"sektor\"><input size=\"40\" class=\"wpcf7-form-control wpcf7-text\" aria-invalid=\"false\" placeholder=\"Company Sectors\" value=\"\" type=\"text\" name=\"sektor\" \/><\/span>\n\n\n<div style=\"margin-top:20px\">\n<span class=\"wpcf7-form-control-wrap\" data-name=\"acceptance-849\"><span class=\"wpcf7-form-control wpcf7-acceptance\"><span class=\"wpcf7-list-item\"><label><input type=\"checkbox\" name=\"acceptance-849\" value=\"1\" aria-invalid=\"false\" \/><span class=\"wpcf7-list-item-label\"><a target=\"_blank\" href=\"https:\/\/srv365.com\/aydinlatma-metni\/\">I Read Personal Data Disclosure Text<\/a>  .<\/span><\/label><\/span><\/span><\/span>\n<\/div>\n\n\n<div style=\"margin-top:20px\">\n<span class=\"wpcf7-form-control-wrap\" data-name=\"acceptance-850\"><span class=\"wpcf7-form-control wpcf7-acceptance\"><span class=\"wpcf7-list-item\"><label><input type=\"checkbox\" name=\"acceptance-850\" value=\"1\" aria-invalid=\"false\" \/><span class=\"wpcf7-list-item-label\">I have read and approved the <a target=\"_blank\" href=\"https:\/\/srv365.com\/acik-riza-metni\/\">Explicit Consent Statement for the processing,<\/a> storage and transfer of data.<\/span><\/label><\/span><\/span><\/span>\n<\/div>\n\n<input class=\"wpcf7-form-control has-spinner wpcf7-submit\" type=\"submit\" value=\"Send\" \/><\/div><div class=\"wpcf7-response-output\" aria-hidden=\"true\"><\/div>\n<input type=\"hidden\" name=\"trp-form-language\" value=\"en\"\/><\/form>\n<\/div>\n\t\t<\/div>\n\t\t\t\t<\/div>\n\t\t\t\t\t<\/div>\n\t\t<\/div>\n\t\t\t\t<div class=\"elementor-column elementor-col-16 elementor-inner-column elementor-element elementor-element-c75541f elementor-hidden-tablet elementor-hidden-phone\" data-id=\"c75541f\" data-element_type=\"column\">\n\t\t\t<div class=\"elementor-widget-wrap\">\n\t\t\t\t\t\t\t\t\t<\/div>\n\t\t<\/div>\n\t\t\t\t\t\t\t<\/div>\n\t\t<\/section>\n\t\t\t\t\t<\/div>\n\t\t<\/div>\n\t\t\t\t\t\t\t<\/div>\n\t\t<\/section>\n\t\t\t\t\t\t\t<\/div>","protected":false},"excerpt":{"rendered":"<p>Demo Talep Edin Talep formunu doldurun, size en k\u0131sa s\u00fcrede geri d\u00f6n\u00fc\u015f yapal\u0131m.<\/p>","protected":false},"author":2,"featured_media":0,"parent":0,"menu_order":0,"comment_status":"closed","ping_status":"closed","template":"","meta":[],"yoast_head":"<!-- This site is optimized with the Yoast SEO plugin v20.7 - https:\/\/yoast.com\/wordpress\/plugins\/seo\/ -->\n<title>Demo Talebi - SRV365 - Tesis Y\u00f6netim Uygulamas\u0131<\/title>\n<meta name=\"robots\" content=\"index, follow, max-snippet:-1, max-image-preview:large, max-video-preview:-1\" \/>\n<link rel=\"canonical\" href=\"https:\/\/srv365.com\/en\/demo-talebi\/\" \/>\n<meta property=\"og:locale\" content=\"en_US\" \/>\n<meta property=\"og:type\" content=\"article\" \/>\n<meta property=\"og:title\" content=\"Demo Talebi - SRV365 - Tesis Y\u00f6netim Uygulamas\u0131\" \/>\n<meta property=\"og:description\" content=\"Demo Talep Edin Talep formunu doldurun, size en k\u0131sa s\u00fcrede geri d\u00f6n\u00fc\u015f yapal\u0131m.\" \/>\n<meta property=\"og:url\" content=\"https:\/\/srv365.com\/en\/demo-talebi\/\" \/>\n<meta property=\"og:site_name\" content=\"SRV365 - Tesis Y\u00f6netim Uygulamas\u0131\" \/>\n<meta property=\"article:modified_time\" content=\"2023-10-20T11:33:08+00:00\" \/>\n<meta name=\"twitter:card\" content=\"summary_large_image\" \/>\n<meta name=\"twitter:label1\" content=\"Est. reading time\" \/>\n\t<meta name=\"twitter:data1\" content=\"1 minute\" \/>\n<script type=\"application\/ld+json\" class=\"yoast-schema-graph\">{\"@context\":\"https:\/\/schema.org\",\"@graph\":[{\"@type\":\"WebPage\",\"@id\":\"https:\/\/srv365.com\/demo-talebi\/\",\"url\":\"https:\/\/srv365.com\/demo-talebi\/\",\"name\":\"Demo Talebi - SRV365 - Tesis Y\u00f6netim Uygulamas\u0131\",\"isPartOf\":{\"@id\":\"https:\/\/srv365.com\/#website\"},\"datePublished\":\"2023-08-04T07:24:48+00:00\",\"dateModified\":\"2023-10-20T11:33:08+00:00\",\"breadcrumb\":{\"@id\":\"https:\/\/srv365.com\/demo-talebi\/#breadcrumb\"},\"inLanguage\":\"en-US\",\"potentialAction\":[{\"@type\":\"ReadAction\",\"target\":[\"https:\/\/srv365.com\/demo-talebi\/\"]}]},{\"@type\":\"BreadcrumbList\",\"@id\":\"https:\/\/srv365.com\/demo-talebi\/#breadcrumb\",\"itemListElement\":[{\"@type\":\"ListItem\",\"position\":1,\"name\":\"Anasayfa\",\"item\":\"https:\/\/srv365.com\/\"},{\"@type\":\"ListItem\",\"position\":2,\"name\":\"Demo Talebi\"}]},{\"@type\":\"WebSite\",\"@id\":\"https:\/\/srv365.com\/#website\",\"url\":\"https:\/\/srv365.com\/\",\"name\":\"SRV365 - Tesis Y\u00f6netim Uygulamas\u0131\",\"description\":\"\",\"potentialAction\":[{\"@type\":\"SearchAction\",\"target\":{\"@type\":\"EntryPoint\",\"urlTemplate\":\"https:\/\/srv365.com\/?s={search_term_string}\"},\"query-input\":\"required name=search_term_string\"}],\"inLanguage\":\"en-US\"}]}<\/script>\n<!-- \/ Yoast SEO plugin. -->","yoast_head_json":{"title":"Demo Talebi - SRV365 - Tesis Y\u00f6netim Uygulamas\u0131","robots":{"index":"index","follow":"follow","max-snippet":"max-snippet:-1","max-image-preview":"max-image-preview:large","max-video-preview":"max-video-preview:-1"},"canonical":"https:\/\/srv365.com\/en\/demo-talebi\/","og_locale":"en_US","og_type":"article","og_title":"Demo Talebi - SRV365 - Tesis Y\u00f6netim Uygulamas\u0131","og_description":"Demo Talep Edin Talep formunu doldurun, size en k\u0131sa s\u00fcrede geri d\u00f6n\u00fc\u015f yapal\u0131m.","og_url":"https:\/\/srv365.com\/en\/demo-talebi\/","og_site_name":"SRV365 - Tesis Y\u00f6netim Uygulamas\u0131","article_modified_time":"2023-10-20T11:33:08+00:00","twitter_card":"summary_large_image","twitter_misc":{"Est. reading time":"1 minute"},"schema":{"@context":"https:\/\/schema.org","@graph":[{"@type":"WebPage","@id":"https:\/\/srv365.com\/demo-talebi\/","url":"https:\/\/srv365.com\/demo-talebi\/","name":"Demo Talebi - SRV365 - Tesis Y\u00f6netim Uygulamas\u0131","isPartOf":{"@id":"https:\/\/srv365.com\/#website"},"datePublished":"2023-08-04T07:24:48+00:00","dateModified":"2023-10-20T11:33:08+00:00","breadcrumb":{"@id":"https:\/\/srv365.com\/demo-talebi\/#breadcrumb"},"inLanguage":"en-US","potentialAction":[{"@type":"ReadAction","target":["https:\/\/srv365.com\/demo-talebi\/"]}]},{"@type":"BreadcrumbList","@id":"https:\/\/srv365.com\/demo-talebi\/#breadcrumb","itemListElement":[{"@type":"ListItem","position":1,"name":"Anasayfa","item":"https:\/\/srv365.com\/"},{"@type":"ListItem","position":2,"name":"Demo Talebi"}]},{"@type":"WebSite","@id":"https:\/\/srv365.com\/#website","url":"https:\/\/srv365.com\/","name":"SRV365 - Tesis Y\u00f6netim Uygulamas\u0131","description":"","potentialAction":[{"@type":"SearchAction","target":{"@type":"EntryPoint","urlTemplate":"https:\/\/srv365.com\/?s={search_term_string}"},"query-input":"required name=search_term_string"}],"inLanguage":"en-US"}]}},"_links":{"self":[{"href":"https:\/\/srv365.com\/en\/wp-json\/wp\/v2\/pages\/813"}],"collection":[{"href":"https:\/\/srv365.com\/en\/wp-json\/wp\/v2\/pages"}],"about":[{"href":"https:\/\/srv365.com\/en\/wp-json\/wp\/v2\/types\/page"}],"author":[{"embeddable":true,"href":"https:\/\/srv365.com\/en\/wp-json\/wp\/v2\/users\/2"}],"replies":[{"embeddable":true,"href":"https:\/\/srv365.com\/en\/wp-json\/wp\/v2\/comments?post=813"}],"version-history":[{"count":26,"href":"https:\/\/srv365.com\/en\/wp-json\/wp\/v2\/pages\/813\/revisions"}],"predecessor-version":[{"id":1007,"href":"https:\/\/srv365.com\/en\/wp-json\/wp\/v2\/pages\/813\/revisions\/1007"}],"wp:attachment":[{"href":"https:\/\/srv365.com\/en\/wp-json\/wp\/v2\/media?parent=813"}],"curies":[{"name":"wp","href":"https:\/\/api.w.org\/{rel}","templated":true}]}}