{"id":992,"date":"2023-10-20T09:48:46","date_gmt":"2023-10-20T06:48:46","guid":{"rendered":"https:\/\/srv365.com\/?page_id=992"},"modified":"2023-10-20T09:50:45","modified_gmt":"2023-10-20T06:50:45","slug":"acik-riza-metni","status":"publish","type":"page","link":"https:\/\/srv365.com\/en\/acik-riza-metni\/","title":{"rendered":"M\u00fc\u015fteri Yurtd\u0131\u015f\u0131 Veri Aktar\u0131m\u0131 A\u00e7\u0131k R\u0131za Beyan\u0131"},"content":{"rendered":"<div data-elementor-type=\"wp-page\" data-elementor-id=\"992\" class=\"elementor elementor-992\">\n\t\t\t\t\t\t\t\t\t<section class=\"elementor-section elementor-top-section elementor-element elementor-element-f168b95 elementor-section-boxed elementor-section-height-default elementor-section-height-default\" data-id=\"f168b95\" data-element_type=\"section\">\n\t\t\t\t\t\t<div class=\"elementor-container elementor-column-gap-default\">\n\t\t\t\t\t<div class=\"elementor-column elementor-col-100 elementor-top-column elementor-element elementor-element-385e646\" data-id=\"385e646\" data-element_type=\"column\">\n\t\t\t<div class=\"elementor-widget-wrap elementor-element-populated\">\n\t\t\t\t\t\t\t\t<div class=\"elementor-element elementor-element-498bb8c elementor-widget elementor-widget-text-editor\" data-id=\"498bb8c\" data-element_type=\"widget\" data-widget_type=\"text-editor.default\">\n\t\t\t\t<div class=\"elementor-widget-container\">\n\t\t\t<style>\/*! elementor - v3.13.1 - 09-05-2023 *\/\n.elementor-widget-text-editor.elementor-drop-cap-view-stacked .elementor-drop-cap{background-color:#69727d;color:#fff}.elementor-widget-text-editor.elementor-drop-cap-view-framed .elementor-drop-cap{color:#69727d;border:3px solid;background-color:transparent}.elementor-widget-text-editor:not(.elementor-drop-cap-view-default) .elementor-drop-cap{margin-top:8px}.elementor-widget-text-editor:not(.elementor-drop-cap-view-default) .elementor-drop-cap-letter{width:1em;height:1em}.elementor-widget-text-editor .elementor-drop-cap{float:left;text-align:center;line-height:1;font-size:50px}.elementor-widget-text-editor .elementor-drop-cap-letter{display:inline-block}<\/style>\t\t\t\t<p><b>M\u00dc\u015eTER\u0130 YURTDI\u015eI VER\u0130 AKTARIMI A\u00c7IK RIZA BEYANI<\/b><\/p><p><b>M\u00dc\u015eTER\u0130 A\u00c7IK RIZA BEYANI<\/b><\/p><p>Taraf\u0131ma iletilen M\u00fc\u015fteri SERV\u0130S365 TES\u0130S Y\u00d6NET\u0130M\u0130 A.\u015e. M\u00fc\u015fteri Ayd\u0131nlatma Metnini okudum anlad\u0131m. Ayd\u0131nlatma metninde yer ald\u0131\u011f\u0131 \u015fekilde;<\/p><p>Ad, soyad, e-posta, telefon numaras\u0131n\u0131n SERV\u0130S365 TES\u0130S Y\u00d6NET\u0130M\u0130 A.\u015e. taraf\u0131ndan; teknik altyap\u0131 hizmetinin ifas\u0131, sunucu ve g\u00fcvenlik alt yap\u0131 hizmetinin al\u0131nmas\u0131, sms ve e posta ileti bilgilerimin saklanmas\u0131 amac\u0131yla\u00b8 yurtd\u0131\u015f\u0131 hizmet sa\u011flay\u0131c\u0131lara aktar\u0131lmas\u0131na \u00f6zg\u00fcr irademle onay veriyorum.<\/p>\t\t\t\t\t\t<\/div>\n\t\t\t\t<\/div>\n\t\t\t\t\t<\/div>\n\t\t<\/div>\n\t\t\t\t\t\t\t<\/div>\n\t\t<\/section>\n\t\t\t\t\t\t\t<\/div>","protected":false},"excerpt":{"rendered":"<p>M\u00dc\u015eTER\u0130 YURTDI\u015eI VER\u0130 AKTARIMI A\u00c7IK RIZA BEYANI M\u00dc\u015eTER\u0130 A\u00c7IK RIZA BEYANI Taraf\u0131ma iletilen M\u00fc\u015fteri SERV\u0130S365 TES\u0130S Y\u00d6NET\u0130M\u0130 A.\u015e. M\u00fc\u015fteri Ayd\u0131nlatma Metnini okudum [&hellip;]<\/p>","protected":false},"author":1,"featured_media":0,"parent":0,"menu_order":0,"comment_status":"closed","ping_status":"closed","template":"","meta":[],"yoast_head":"<!-- This site is optimized with the Yoast SEO plugin v20.7 - https:\/\/yoast.com\/wordpress\/plugins\/seo\/ -->\n<title>M\u00fc\u015fteri Yurtd\u0131\u015f\u0131 Veri Aktar\u0131m\u0131 A\u00e7\u0131k R\u0131za Beyan\u0131 - SRV365 - Tesis Y\u00f6netim Uygulamas\u0131<\/title>\n<meta name=\"robots\" content=\"index, follow, max-snippet:-1, max-image-preview:large, max-video-preview:-1\" \/>\n<link rel=\"canonical\" href=\"https:\/\/srv365.com\/en\/acik-riza-metni\/\" \/>\n<meta property=\"og:locale\" content=\"en_US\" \/>\n<meta property=\"og:type\" content=\"article\" \/>\n<meta property=\"og:title\" content=\"M\u00fc\u015fteri Yurtd\u0131\u015f\u0131 Veri Aktar\u0131m\u0131 A\u00e7\u0131k R\u0131za Beyan\u0131 - SRV365 - Tesis Y\u00f6netim Uygulamas\u0131\" \/>\n<meta property=\"og:description\" content=\"M\u00dc\u015eTER\u0130 YURTDI\u015eI VER\u0130 AKTARIMI A\u00c7IK RIZA BEYANI M\u00dc\u015eTER\u0130 A\u00c7IK RIZA BEYANI Taraf\u0131ma iletilen M\u00fc\u015fteri SERV\u0130S365 TES\u0130S Y\u00d6NET\u0130M\u0130 A.\u015e. M\u00fc\u015fteri Ayd\u0131nlatma Metnini okudum [&hellip;]\" \/>\n<meta property=\"og:url\" content=\"https:\/\/srv365.com\/en\/acik-riza-metni\/\" \/>\n<meta property=\"og:site_name\" content=\"SRV365 - Tesis Y\u00f6netim Uygulamas\u0131\" \/>\n<meta property=\"article:modified_time\" content=\"2023-10-20T06:50:45+00:00\" \/>\n<meta name=\"twitter:card\" content=\"summary_large_image\" \/>\n<meta name=\"twitter:label1\" content=\"Est. reading time\" \/>\n\t<meta name=\"twitter:data1\" content=\"1 minute\" \/>\n<script type=\"application\/ld+json\" class=\"yoast-schema-graph\">{\"@context\":\"https:\/\/schema.org\",\"@graph\":[{\"@type\":\"WebPage\",\"@id\":\"https:\/\/srv365.com\/acik-riza-metni\/\",\"url\":\"https:\/\/srv365.com\/acik-riza-metni\/\",\"name\":\"M\u00fc\u015fteri Yurtd\u0131\u015f\u0131 Veri Aktar\u0131m\u0131 A\u00e7\u0131k R\u0131za Beyan\u0131 - SRV365 - Tesis Y\u00f6netim Uygulamas\u0131\",\"isPartOf\":{\"@id\":\"https:\/\/srv365.com\/#website\"},\"datePublished\":\"2023-10-20T06:48:46+00:00\",\"dateModified\":\"2023-10-20T06:50:45+00:00\",\"breadcrumb\":{\"@id\":\"https:\/\/srv365.com\/acik-riza-metni\/#breadcrumb\"},\"inLanguage\":\"en-US\",\"potentialAction\":[{\"@type\":\"ReadAction\",\"target\":[\"https:\/\/srv365.com\/acik-riza-metni\/\"]}]},{\"@type\":\"BreadcrumbList\",\"@id\":\"https:\/\/srv365.com\/acik-riza-metni\/#breadcrumb\",\"itemListElement\":[{\"@type\":\"ListItem\",\"position\":1,\"name\":\"Anasayfa\",\"item\":\"https:\/\/srv365.com\/\"},{\"@type\":\"ListItem\",\"position\":2,\"name\":\"M\u00fc\u015fteri Yurtd\u0131\u015f\u0131 Veri Aktar\u0131m\u0131 A\u00e7\u0131k R\u0131za Beyan\u0131\"}]},{\"@type\":\"WebSite\",\"@id\":\"https:\/\/srv365.com\/#website\",\"url\":\"https:\/\/srv365.com\/\",\"name\":\"SRV365 - Tesis Y\u00f6netim Uygulamas\u0131\",\"description\":\"\",\"potentialAction\":[{\"@type\":\"SearchAction\",\"target\":{\"@type\":\"EntryPoint\",\"urlTemplate\":\"https:\/\/srv365.com\/?s={search_term_string}\"},\"query-input\":\"required name=search_term_string\"}],\"inLanguage\":\"en-US\"}]}<\/script>\n<!-- \/ Yoast SEO plugin. -->","yoast_head_json":{"title":"M\u00fc\u015fteri Yurtd\u0131\u015f\u0131 Veri Aktar\u0131m\u0131 A\u00e7\u0131k R\u0131za Beyan\u0131 - SRV365 - Tesis Y\u00f6netim Uygulamas\u0131","robots":{"index":"index","follow":"follow","max-snippet":"max-snippet:-1","max-image-preview":"max-image-preview:large","max-video-preview":"max-video-preview:-1"},"canonical":"https:\/\/srv365.com\/en\/acik-riza-metni\/","og_locale":"en_US","og_type":"article","og_title":"M\u00fc\u015fteri Yurtd\u0131\u015f\u0131 Veri Aktar\u0131m\u0131 A\u00e7\u0131k R\u0131za Beyan\u0131 - SRV365 - Tesis Y\u00f6netim Uygulamas\u0131","og_description":"M\u00dc\u015eTER\u0130 YURTDI\u015eI VER\u0130 AKTARIMI A\u00c7IK RIZA BEYANI M\u00dc\u015eTER\u0130 A\u00c7IK RIZA BEYANI Taraf\u0131ma iletilen M\u00fc\u015fteri SERV\u0130S365 TES\u0130S Y\u00d6NET\u0130M\u0130 A.\u015e. M\u00fc\u015fteri Ayd\u0131nlatma Metnini okudum [&hellip;]","og_url":"https:\/\/srv365.com\/en\/acik-riza-metni\/","og_site_name":"SRV365 - Tesis Y\u00f6netim Uygulamas\u0131","article_modified_time":"2023-10-20T06:50:45+00:00","twitter_card":"summary_large_image","twitter_misc":{"Est. reading time":"1 minute"},"schema":{"@context":"https:\/\/schema.org","@graph":[{"@type":"WebPage","@id":"https:\/\/srv365.com\/acik-riza-metni\/","url":"https:\/\/srv365.com\/acik-riza-metni\/","name":"M\u00fc\u015fteri Yurtd\u0131\u015f\u0131 Veri Aktar\u0131m\u0131 A\u00e7\u0131k R\u0131za Beyan\u0131 - SRV365 - Tesis Y\u00f6netim Uygulamas\u0131","isPartOf":{"@id":"https:\/\/srv365.com\/#website"},"datePublished":"2023-10-20T06:48:46+00:00","dateModified":"2023-10-20T06:50:45+00:00","breadcrumb":{"@id":"https:\/\/srv365.com\/acik-riza-metni\/#breadcrumb"},"inLanguage":"en-US","potentialAction":[{"@type":"ReadAction","target":["https:\/\/srv365.com\/acik-riza-metni\/"]}]},{"@type":"BreadcrumbList","@id":"https:\/\/srv365.com\/acik-riza-metni\/#breadcrumb","itemListElement":[{"@type":"ListItem","position":1,"name":"Anasayfa","item":"https:\/\/srv365.com\/"},{"@type":"ListItem","position":2,"name":"M\u00fc\u015fteri Yurtd\u0131\u015f\u0131 Veri Aktar\u0131m\u0131 A\u00e7\u0131k R\u0131za Beyan\u0131"}]},{"@type":"WebSite","@id":"https:\/\/srv365.com\/#website","url":"https:\/\/srv365.com\/","name":"SRV365 - Tesis Y\u00f6netim Uygulamas\u0131","description":"","potentialAction":[{"@type":"SearchAction","target":{"@type":"EntryPoint","urlTemplate":"https:\/\/srv365.com\/?s={search_term_string}"},"query-input":"required name=search_term_string"}],"inLanguage":"en-US"}]}},"_links":{"self":[{"href":"https:\/\/srv365.com\/en\/wp-json\/wp\/v2\/pages\/992"}],"collection":[{"href":"https:\/\/srv365.com\/en\/wp-json\/wp\/v2\/pages"}],"about":[{"href":"https:\/\/srv365.com\/en\/wp-json\/wp\/v2\/types\/page"}],"author":[{"embeddable":true,"href":"https:\/\/srv365.com\/en\/wp-json\/wp\/v2\/users\/1"}],"replies":[{"embeddable":true,"href":"https:\/\/srv365.com\/en\/wp-json\/wp\/v2\/comments?post=992"}],"version-history":[{"count":4,"href":"https:\/\/srv365.com\/en\/wp-json\/wp\/v2\/pages\/992\/revisions"}],"predecessor-version":[{"id":996,"href":"https:\/\/srv365.com\/en\/wp-json\/wp\/v2\/pages\/992\/revisions\/996"}],"wp:attachment":[{"href":"https:\/\/srv365.com\/en\/wp-json\/wp\/v2\/media?parent=992"}],"curies":[{"name":"wp","href":"https:\/\/api.w.org\/{rel}","templated":true}]}}