{"id":326,"date":"2023-01-20T09:56:36","date_gmt":"2023-01-20T06:56:36","guid":{"rendered":"https:\/\/srv365.com\/?page_id=326"},"modified":"2023-01-25T11:35:42","modified_gmt":"2023-01-25T08:35:42","slug":"sayfa-bulunamadi","status":"publish","type":"page","link":"https:\/\/srv365.com\/tr\/sayfa-bulunamadi\/","title":{"rendered":"Sayfa Bulunamad\u0131&#8230;"},"content":{"rendered":"\t\t<div data-elementor-type=\"wp-page\" data-elementor-id=\"326\" class=\"elementor elementor-326\">\n\t\t\t\t\t\t\t\t\t<section class=\"elementor-section elementor-top-section elementor-element elementor-element-1ea20481 elementor-section-height-full elementor-section-boxed elementor-section-height-default elementor-section-items-middle\" data-id=\"1ea20481\" data-element_type=\"section\">\n\t\t\t\t\t\t<div class=\"elementor-container elementor-column-gap-default\">\n\t\t\t\t\t<div class=\"elementor-column elementor-col-100 elementor-top-column elementor-element elementor-element-5f7daef7\" data-id=\"5f7daef7\" data-element_type=\"column\">\n\t\t\t<div class=\"elementor-widget-wrap elementor-element-populated\">\n\t\t\t\t\t\t\t\t<div class=\"elementor-element elementor-element-17a33001 elementor-widget elementor-widget-image\" data-id=\"17a33001\" data-element_type=\"widget\" data-widget_type=\"image.default\">\n\t\t\t\t<div class=\"elementor-widget-container\">\n\t\t\t<style>\/*! elementor - v3.13.1 - 09-05-2023 *\/\n.elementor-widget-image{text-align:center}.elementor-widget-image a{display:inline-block}.elementor-widget-image a img[src$=\".svg\"]{width:48px}.elementor-widget-image img{vertical-align:middle;display:inline-block}<\/style>\t\t\t\t\t\t\t\t\t\t\t\t<img decoding=\"async\" width=\"2000\" height=\"2000\" src=\"https:\/\/srv365.com\/wp-content\/uploads\/2023\/01\/404-Error-amico.png\" class=\"attachment-full size-full wp-image-336\" alt=\"\" loading=\"lazy\" srcset=\"https:\/\/srv365.com\/wp-content\/uploads\/2023\/01\/404-Error-amico.png 2000w, https:\/\/srv365.com\/wp-content\/uploads\/2023\/01\/404-Error-amico-300x300.png 300w, https:\/\/srv365.com\/wp-content\/uploads\/2023\/01\/404-Error-amico-1024x1024.png 1024w, https:\/\/srv365.com\/wp-content\/uploads\/2023\/01\/404-Error-amico-150x150.png 150w, https:\/\/srv365.com\/wp-content\/uploads\/2023\/01\/404-Error-amico-768x768.png 768w, https:\/\/srv365.com\/wp-content\/uploads\/2023\/01\/404-Error-amico-1536x1536.png 1536w, https:\/\/srv365.com\/wp-content\/uploads\/2023\/01\/404-Error-amico-650x650.png 650w\" sizes=\"(max-width: 2000px) 100vw, 2000px\" \/>\t\t\t\t\t\t\t\t\t\t\t\t\t\t\t<\/div>\n\t\t\t\t<\/div>\n\t\t\t\t<div class=\"elementor-element elementor-element-7ea8493 elementor-invisible elementor-widget elementor-widget-heading\" data-id=\"7ea8493\" data-element_type=\"widget\" data-settings=\"{&quot;_animation&quot;:&quot;fadeInUp&quot;}\" data-widget_type=\"heading.default\">\n\t\t\t\t<div class=\"elementor-widget-container\">\n\t\t\t<style>\/*! elementor - v3.13.1 - 09-05-2023 *\/\n.elementor-heading-title{padding:0;margin:0;line-height:1}.elementor-widget-heading .elementor-heading-title[class*=elementor-size-]>a{color:inherit;font-size:inherit;line-height:inherit}.elementor-widget-heading .elementor-heading-title.elementor-size-small{font-size:15px}.elementor-widget-heading .elementor-heading-title.elementor-size-medium{font-size:19px}.elementor-widget-heading .elementor-heading-title.elementor-size-large{font-size:29px}.elementor-widget-heading .elementor-heading-title.elementor-size-xl{font-size:39px}.elementor-widget-heading .elementor-heading-title.elementor-size-xxl{font-size:59px}<\/style><h2 class=\"elementor-heading-title elementor-size-default\">\u00dczg\u00fcn\u00fcz, b\u00f6yle bir sayfa bulunamad\u0131. L\u00fctfen ba\u011flant\u0131y\u0131 kontrol edin veya ana sayfaya geri d\u00f6nerek tekrar deneyin.<\/h2>\t\t<\/div>\n\t\t\t\t<\/div>\n\t\t\t\t<div class=\"elementor-element elementor-element-47a6a08 elementor-align-center elementor-invisible elementor-widget elementor-widget-button\" data-id=\"47a6a08\" data-element_type=\"widget\" data-settings=\"{&quot;_animation&quot;:&quot;fadeInUp&quot;,&quot;_animation_delay&quot;:100}\" data-widget_type=\"button.default\">\n\t\t\t\t<div class=\"elementor-widget-container\">\n\t\t\t\t\t<div class=\"elementor-button-wrapper\">\n\t\t\t<a href=\"https:\/\/srv365.com\/\" class=\"elementor-button-link elementor-button elementor-size-sm\" role=\"button\">\n\t\t\t\t\t\t<span class=\"elementor-button-content-wrapper\">\n\t\t\t\t\t\t<span class=\"elementor-button-text\">Ana Sayfa<\/span>\n\t\t<\/span>\n\t\t\t\t\t<\/a>\n\t\t<\/div>\n\t\t\t\t<\/div>\n\t\t\t\t<\/div>\n\t\t\t\t\t<\/div>\n\t\t<\/div>\n\t\t\t\t\t\t\t<\/div>\n\t\t<\/section>\n\t\t\t\t\t\t\t<\/div>\n\t\t","protected":false},"excerpt":{"rendered":"<p>\u00dczg\u00fcn\u00fcz, b\u00f6yle bir sayfa bulunamad\u0131. L\u00fctfen ba\u011flant\u0131y\u0131 kontrol edin veya ana sayfaya geri d\u00f6nerek tekrar deneyin. Ana Sayfa<\/p>\n","protected":false},"author":2,"featured_media":0,"parent":0,"menu_order":0,"comment_status":"closed","ping_status":"closed","template":"","meta":[],"yoast_head":"<!-- This site is optimized with the Yoast SEO plugin v20.7 - https:\/\/yoast.com\/wordpress\/plugins\/seo\/ -->\n<title>Sayfa Bulunamad\u0131... - SRV365 - Tesis Y\u00f6netim Uygulamas\u0131<\/title>\n<meta name=\"robots\" content=\"index, follow, max-snippet:-1, max-image-preview:large, max-video-preview:-1\" \/>\n<link rel=\"canonical\" href=\"https:\/\/srv365.com\/tr\/sayfa-bulunamadi\/\" \/>\n<meta property=\"og:locale\" content=\"tr_TR\" \/>\n<meta property=\"og:type\" content=\"article\" \/>\n<meta property=\"og:title\" content=\"Sayfa Bulunamad\u0131... - SRV365 - Tesis Y\u00f6netim Uygulamas\u0131\" \/>\n<meta property=\"og:description\" content=\"\u00dczg\u00fcn\u00fcz, b\u00f6yle bir sayfa bulunamad\u0131. L\u00fctfen ba\u011flant\u0131y\u0131 kontrol edin veya ana sayfaya geri d\u00f6nerek tekrar deneyin. Ana Sayfa\" \/>\n<meta property=\"og:url\" content=\"https:\/\/srv365.com\/tr\/sayfa-bulunamadi\/\" \/>\n<meta property=\"og:site_name\" content=\"SRV365 - Tesis Y\u00f6netim Uygulamas\u0131\" \/>\n<meta property=\"article:modified_time\" content=\"2023-01-25T08:35:42+00:00\" \/>\n<meta property=\"og:image\" content=\"https:\/\/srv365.com\/wp-content\/uploads\/2023\/01\/404-Error-amico.png\" \/>\n<meta name=\"twitter:card\" content=\"summary_large_image\" \/>\n<script type=\"application\/ld+json\" class=\"yoast-schema-graph\">{\"@context\":\"https:\/\/schema.org\",\"@graph\":[{\"@type\":\"WebPage\",\"@id\":\"https:\/\/srv365.com\/sayfa-bulunamadi\/\",\"url\":\"https:\/\/srv365.com\/sayfa-bulunamadi\/\",\"name\":\"Sayfa Bulunamad\u0131... - SRV365 - Tesis Y\u00f6netim Uygulamas\u0131\",\"isPartOf\":{\"@id\":\"https:\/\/srv365.com\/#website\"},\"datePublished\":\"2023-01-20T06:56:36+00:00\",\"dateModified\":\"2023-01-25T08:35:42+00:00\",\"breadcrumb\":{\"@id\":\"https:\/\/srv365.com\/sayfa-bulunamadi\/#breadcrumb\"},\"inLanguage\":\"tr\",\"potentialAction\":[{\"@type\":\"ReadAction\",\"target\":[\"https:\/\/srv365.com\/sayfa-bulunamadi\/\"]}]},{\"@type\":\"BreadcrumbList\",\"@id\":\"https:\/\/srv365.com\/sayfa-bulunamadi\/#breadcrumb\",\"itemListElement\":[{\"@type\":\"ListItem\",\"position\":1,\"name\":\"Anasayfa\",\"item\":\"https:\/\/srv365.com\/\"},{\"@type\":\"ListItem\",\"position\":2,\"name\":\"Sayfa Bulunamad\u0131&#8230;\"}]},{\"@type\":\"WebSite\",\"@id\":\"https:\/\/srv365.com\/#website\",\"url\":\"https:\/\/srv365.com\/\",\"name\":\"SRV365 - Tesis Y\u00f6netim Uygulamas\u0131\",\"description\":\"\",\"potentialAction\":[{\"@type\":\"SearchAction\",\"target\":{\"@type\":\"EntryPoint\",\"urlTemplate\":\"https:\/\/srv365.com\/?s={search_term_string}\"},\"query-input\":\"required name=search_term_string\"}],\"inLanguage\":\"tr\"}]}<\/script>\n<!-- \/ Yoast SEO plugin. -->","yoast_head_json":{"title":"Sayfa Bulunamad\u0131... - SRV365 - Tesis Y\u00f6netim Uygulamas\u0131","robots":{"index":"index","follow":"follow","max-snippet":"max-snippet:-1","max-image-preview":"max-image-preview:large","max-video-preview":"max-video-preview:-1"},"canonical":"https:\/\/srv365.com\/tr\/sayfa-bulunamadi\/","og_locale":"tr_TR","og_type":"article","og_title":"Sayfa Bulunamad\u0131... - SRV365 - Tesis Y\u00f6netim Uygulamas\u0131","og_description":"\u00dczg\u00fcn\u00fcz, b\u00f6yle bir sayfa bulunamad\u0131. L\u00fctfen ba\u011flant\u0131y\u0131 kontrol edin veya ana sayfaya geri d\u00f6nerek tekrar deneyin. Ana Sayfa","og_url":"https:\/\/srv365.com\/tr\/sayfa-bulunamadi\/","og_site_name":"SRV365 - Tesis Y\u00f6netim Uygulamas\u0131","article_modified_time":"2023-01-25T08:35:42+00:00","og_image":[{"url":"https:\/\/srv365.com\/wp-content\/uploads\/2023\/01\/404-Error-amico.png"}],"twitter_card":"summary_large_image","schema":{"@context":"https:\/\/schema.org","@graph":[{"@type":"WebPage","@id":"https:\/\/srv365.com\/sayfa-bulunamadi\/","url":"https:\/\/srv365.com\/sayfa-bulunamadi\/","name":"Sayfa Bulunamad\u0131... - SRV365 - Tesis Y\u00f6netim Uygulamas\u0131","isPartOf":{"@id":"https:\/\/srv365.com\/#website"},"datePublished":"2023-01-20T06:56:36+00:00","dateModified":"2023-01-25T08:35:42+00:00","breadcrumb":{"@id":"https:\/\/srv365.com\/sayfa-bulunamadi\/#breadcrumb"},"inLanguage":"tr","potentialAction":[{"@type":"ReadAction","target":["https:\/\/srv365.com\/sayfa-bulunamadi\/"]}]},{"@type":"BreadcrumbList","@id":"https:\/\/srv365.com\/sayfa-bulunamadi\/#breadcrumb","itemListElement":[{"@type":"ListItem","position":1,"name":"Anasayfa","item":"https:\/\/srv365.com\/"},{"@type":"ListItem","position":2,"name":"Sayfa Bulunamad\u0131&#8230;"}]},{"@type":"WebSite","@id":"https:\/\/srv365.com\/#website","url":"https:\/\/srv365.com\/","name":"SRV365 - Tesis Y\u00f6netim Uygulamas\u0131","description":"","potentialAction":[{"@type":"SearchAction","target":{"@type":"EntryPoint","urlTemplate":"https:\/\/srv365.com\/?s={search_term_string}"},"query-input":"required name=search_term_string"}],"inLanguage":"tr"}]}},"_links":{"self":[{"href":"https:\/\/srv365.com\/tr\/wp-json\/wp\/v2\/pages\/326"}],"collection":[{"href":"https:\/\/srv365.com\/tr\/wp-json\/wp\/v2\/pages"}],"about":[{"href":"https:\/\/srv365.com\/tr\/wp-json\/wp\/v2\/types\/page"}],"author":[{"embeddable":true,"href":"https:\/\/srv365.com\/tr\/wp-json\/wp\/v2\/users\/2"}],"replies":[{"embeddable":true,"href":"https:\/\/srv365.com\/tr\/wp-json\/wp\/v2\/comments?post=326"}],"version-history":[{"count":0,"href":"https:\/\/srv365.com\/tr\/wp-json\/wp\/v2\/pages\/326\/revisions"}],"wp:attachment":[{"href":"https:\/\/srv365.com\/tr\/wp-json\/wp\/v2\/media?parent=326"}],"curies":[{"name":"wp","href":"https:\/\/api.w.org\/{rel}","templated":true}]}}